{"id":730,"date":"2024-10-31T06:31:16","date_gmt":"2024-10-31T06:31:16","guid":{"rendered":"https:\/\/galemiamihotelandresidences.com\/?page_id=730"},"modified":"2025-04-08T15:28:39","modified_gmt":"2025-04-08T15:28:39","slug":"comodidades","status":"publish","type":"page","link":"https:\/\/thejames.miami\/es\/comodidades\/","title":{"rendered":"Comodidades"},"content":{"rendered":"<p>[et_pb_section fb_built=&#8221;1&#8243; custom_padding_last_edited=&#8221;on|phone&#8221; _builder_version=&#8221;4.27.4&#8243; _module_preset=&#8221;default&#8221; background_color=&#8221;rgba(0,0,0,0.61)&#8221; background_image=&#8221;https:\/\/thejames.miami\/es\/wp-content\/uploads\/James-Residences_bg.jpg&#8221; background_blend=&#8221;overlay&#8221; custom_padding=&#8221;90px||90px|||&#8221; custom_padding_tablet=&#8221;90px||90px|||&#8221; custom_padding_phone=&#8221;50px||50px||true|false&#8221; global_colors_info=&#8221;{}&#8221;][et_pb_row _builder_version=&#8221;4.17.4&#8243; _module_preset=&#8221;default&#8221; global_colors_info=&#8221;{}&#8221;][et_pb_column type=&#8221;4_4&#8243; _builder_version=&#8221;4.17.4&#8243; _module_preset=&#8221;default&#8221; global_colors_info=&#8221;{}&#8221;][et_pb_text _builder_version=&#8221;4.27.4&#8243; _module_preset=&#8221;default&#8221; text_font=&#8221;|600|||||||&#8221; text_text_color=&#8221;#FFFFFF&#8221; text_font_size=&#8221;25px&#8221; header_font=&#8221;|700||on|||||&#8221; header_text_align=&#8221;center&#8221; header_text_color=&#8221;#FFFFFF&#8221; header_font_size=&#8221;50px&#8221; header_line_height=&#8221;1.5em&#8221; header_2_font_size=&#8221;45px&#8221; text_orientation=&#8221;center&#8221; hover_enabled=&#8221;0&#8243; header_font_size_tablet=&#8221;50px&#8221; header_font_size_phone=&#8221;30px&#8221; header_font_size_last_edited=&#8221;on|phone&#8221; header_text_shadow_style=&#8221;preset3&#8243; header_text_shadow_blur_strength=&#8221;0.69em&#8221; header_text_shadow_color=&#8221;#000000&#8243; global_colors_info=&#8221;{}&#8221; sticky_enabled=&#8221;0&#8243;]<\/p>\n<h1>The James Residences<\/h1>\n<h1>Comodidades<\/h1>\n<p>[\/et_pb_text][\/et_pb_column][\/et_pb_row][\/et_pb_section][et_pb_section fb_built=&#8221;1&#8243; custom_padding_last_edited=&#8221;on|phone&#8221; module_id=&#8221;building-features&#8221; _builder_version=&#8221;4.27.4&#8243; _module_preset=&#8221;default&#8221; background_color=&#8221;RGBA(255,255,255,0)&#8221; custom_padding=&#8221;90px||2px|||&#8221; custom_padding_tablet=&#8221;90px||2px|||&#8221; custom_padding_phone=&#8221;||||false|false&#8221; global_colors_info=&#8221;{}&#8221;][et_pb_row column_structure=&#8221;3_5,2_5&#8243; _builder_version=&#8221;4.27.4&#8243; _module_preset=&#8221;default&#8221; width=&#8221;90%&#8221; max_width=&#8221;90%&#8221; custom_margin=&#8221;-69px|auto||auto||&#8221; custom_margin_tablet=&#8221;&#8221; custom_margin_phone=&#8221;||||false|false&#8221; custom_margin_last_edited=&#8221;on|phone&#8221; custom_padding=&#8221;0px||||false|false&#8221; global_colors_info=&#8221;{}&#8221;][et_pb_column type=&#8221;3_5&#8243; _builder_version=&#8221;4.20.2&#8243; _module_preset=&#8221;default&#8221; global_colors_info=&#8221;{}&#8221;][et_pb_text _builder_version=&#8221;4.27.4&#8243; _module_preset=&#8221;default&#8221; text_font=&#8221;Adamina||||||||&#8221; text_text_color=&#8221;#000000&#8243; text_line_height=&#8221;1.8em&#8221; header_2_font=&#8221;|700|||||||&#8221; header_2_font_size=&#8221;30px&#8221; header_2_line_height=&#8221;1.8em&#8221; custom_margin=&#8221;-1px||1px||false|false&#8221; custom_margin_tablet=&#8221;-1px||1px||false|false&#8221; custom_margin_phone=&#8221;-1px||1px||false|false&#8221; custom_margin_last_edited=&#8221;on|phone&#8221; hover_enabled=&#8221;0&#8243; global_colors_info=&#8221;{}&#8221; sticky_enabled=&#8221;0&#8243;]<\/p>\n<h2>Caracter\u00edsticas del edificio<br \/><strong><\/strong><\/h2>\n<ul>\n<li>Torre Super Tall de m\u00e1s de 80 pisos, un edificio emblem\u00e1tico de la arquitectura dise\u00f1ado por el internacionalmente reconocido estudio de arquitectura IDEA.<\/li>\n<li>Se permite la propiedad flexible con restricciones, combinada con una vivienda a medida.<\/li>\n<li>Helipuerto para residentes y visitantes, que incluye los servicios de movilidad urbana Blade. La excelencia culinaria incluye un restaurante\/cafeter\u00eda de 5 estrellas en el complejo.<\/li>\n<li>El reconocido dise\u00f1ador Angel Sanchez<\/li>\n<li>Interiores y alta costura para el personal del edificio<\/li>\n<li>Vest\u00edbulos privados exclusivos para las residencias principales y la Torre Jewel<\/li>\n<li>Acristalamiento completo de piso a techo en todas las unidades para disfrutar de las encantadoras vistas de Miami<\/li>\n<li>Vistas panor\u00e1micas ininterrumpidas del horizonte de Miami y la bah\u00eda<\/li>\n<li>Seguridad avanzada con inteligencia artificial e interfaz de aplicaci\u00f3n<\/li>\n<li>Paisaje tropical ex\u00f3tico en todas las \u00e1reas comunes<\/li>\n<li>Ascensores inteligentes de alta velocidad para mayor privacidad y eficiencia, y m\u00e1s de 40,000 pies cuadrados de servicios de lujo en el edificio.<\/li>\n<li>Administraci\u00f3n y conserjer\u00eda en el complejo<\/li>\n<li>Colecci\u00f3n de arte refinado y Street Art Box para Art Basel Exposiciones<\/li>\n<\/ul>\n<p>[\/et_pb_text][\/et_pb_column][et_pb_column type=&#8221;2_5&#8243; _builder_version=&#8221;4.20.2&#8243; _module_preset=&#8221;default&#8221; global_colors_info=&#8221;{}&#8221;][et_pb_image src=&#8221;https:\/\/thejames.miami\/es\/wp-content\/uploads\/James-Residences_tower.jpeg&#8221; title_text=&#8221;James-Residences_tower&#8221; _builder_version=&#8221;4.27.4&#8243; _module_preset=&#8221;default&#8221; global_colors_info=&#8221;{}&#8221;][\/et_pb_image][\/et_pb_column][\/et_pb_row][\/et_pb_section][et_pb_section fb_built=&#8221;1&#8243; module_id=&#8221;building-features&#8221; _builder_version=&#8221;4.24.2&#8243; _module_preset=&#8221;default&#8221; background_color=&#8221;RGBA(255,255,255,0)&#8221; min_height=&#8221;705.2px&#8221; custom_margin=&#8221;30px|||||&#8221; custom_padding=&#8221;||2px|||&#8221; global_colors_info=&#8221;{}&#8221;][et_pb_row column_structure=&#8221;1_2,1_2&#8243; _builder_version=&#8221;4.27.2&#8243; _module_preset=&#8221;default&#8221; width=&#8221;90%&#8221; max_width=&#8221;90%&#8221; custom_margin=&#8221;-47px|auto||auto||&#8221; custom_padding=&#8221;||0px|||&#8221; global_colors_info=&#8221;{}&#8221;][et_pb_column type=&#8221;1_2&#8243; _builder_version=&#8221;4.20.2&#8243; _module_preset=&#8221;default&#8221; global_colors_info=&#8221;{}&#8221;][et_pb_image src=&#8221;https:\/\/thejames.miami\/es\/wp-content\/uploads\/James-Residences_living.jpg&#8221; title_text=&#8221;James-Residences_living&#8221; _builder_version=&#8221;4.27.4&#8243; _module_preset=&#8221;default&#8221; global_colors_info=&#8221;{}&#8221;][\/et_pb_image][\/et_pb_column][et_pb_column type=&#8221;1_2&#8243; _builder_version=&#8221;4.20.2&#8243; _module_preset=&#8221;default&#8221; global_colors_info=&#8221;{}&#8221;][et_pb_text _builder_version=&#8221;4.27.4&#8243; _module_preset=&#8221;default&#8221; text_font=&#8221;Adamina||||||||&#8221; text_text_color=&#8221;#000000&#8243; text_line_height=&#8221;1.8em&#8221; header_2_font=&#8221;|700|||||||&#8221; header_2_font_size=&#8221;30px&#8221; header_2_line_height=&#8221;1.8em&#8221; custom_margin=&#8221;-10px|||||&#8221; custom_margin_tablet=&#8221;-80px|||||&#8221; custom_margin_phone=&#8221;1px||||false|false&#8221; custom_margin_last_edited=&#8221;on|phone&#8221; hover_enabled=&#8221;0&#8243; global_colors_info=&#8221;{}&#8221; sticky_enabled=&#8221;0&#8243;]<\/p>\n<h2>Caracter\u00edsticas de las residencias<\/h2>\n<ul>\n<li>Residencias a medida, totalmente dise\u00f1adas y disponibles<\/li>\n<li>Techos de m\u00e1s de 3 metros en todas las residencias<\/li>\n<li>Dise\u00f1os modernos, abiertos y refinados de una y dos habitaciones<\/li>\n<li>Vistas panor\u00e1micas a la bah\u00eda y al horizonte<\/li>\n<li>Balcones privados con barandillas de vidrio<\/li>\n<li>Puertas corredizas de vidrio de piso a techo<\/li>\n<li>Smart Hub en todas las residencias<\/li>\n<li>Sistema de aire acondicionado y calefacci\u00f3n de alta eficiencia<\/li>\n<li>Precableado para internet de alta velocidad<\/li>\n<li>Electrodom\u00e9sticos de primera l\u00ednea<\/li>\n<li>Todas las unidades se entregar\u00e1n con paneles de madera importada y gabinetes a medida.<\/li>\n<\/ul>\n<p>[\/et_pb_text][\/et_pb_column][\/et_pb_row][et_pb_row column_structure=&#8221;1_2,1_2&#8243; _builder_version=&#8221;4.27.3&#8243; _module_preset=&#8221;default&#8221; width=&#8221;90%&#8221; max_width=&#8221;90%&#8221; global_colors_info=&#8221;{}&#8221;][et_pb_column type=&#8221;1_2&#8243; _builder_version=&#8221;4.27.3&#8243; _module_preset=&#8221;default&#8221; global_colors_info=&#8221;{}&#8221;][et_pb_text _builder_version=&#8221;4.27.4&#8243; _module_preset=&#8221;default&#8221; text_text_color=&#8221;#000000&#8243; header_font=&#8221;|700|||||||&#8221; header_text_color=&#8221;#000000&#8243; header_3_font=&#8221;|700|||||||&#8221; header_3_text_color=&#8221;#000000&#8243; hover_enabled=&#8221;0&#8243; global_colors_info=&#8221;{}&#8221; sticky_enabled=&#8221;0&#8243;]<\/p>\n<p><strong>VEST\u00cdBULO DE PLANTA BAJA<\/strong><\/p>\n<ul>\n<li>Servicio de valet parking las 24 horas<\/li>\n<li>Recepci\u00f3n de bienvenida<\/li>\n<li>Colecci\u00f3n de arte curada<\/li>\n<li>Seguridad las 24 horas<\/li>\n<li>Portero las 24 horas<\/li>\n<\/ul>\n<p>[\/et_pb_text][\/et_pb_column][et_pb_column type=&#8221;1_2&#8243; _builder_version=&#8221;4.27.3&#8243; _module_preset=&#8221;default&#8221; global_colors_info=&#8221;{}&#8221;][et_pb_text _builder_version=&#8221;4.27.4&#8243; _module_preset=&#8221;default&#8221; text_text_color=&#8221;#000000&#8243; header_font=&#8221;|700|||||||&#8221; header_text_color=&#8221;#000000&#8243; header_3_font=&#8221;|700|||||||&#8221; header_3_text_color=&#8221;#000000&#8243; hover_enabled=&#8221;0&#8243; global_colors_info=&#8221;{}&#8221; sticky_enabled=&#8221;0&#8243;]<\/p>\n<p><strong>VEST\u00cdBULO DE LA RESIDENCIA<\/strong><\/p>\n<ul>\n<li>Atenci\u00f3n 24 horas<\/li>\n<li>Servicio de conserjer\u00eda<\/li>\n<li>Acceso a \u00e1reas comunes<\/li>\n<li>Seguridad 24 horas<\/li>\n<\/ul>\n<p>[\/et_pb_text][\/et_pb_column][\/et_pb_row][\/et_pb_section]<\/p>\n","protected":false},"excerpt":{"rendered":"<p>The James Residences ComodidadesCaracter\u00edsticas del edificio Torre Super Tall de m\u00e1s de 80 pisos, un edificio emblem\u00e1tico de la arquitectura dise\u00f1ado por el internacionalmente reconocido estudio de arquitectura IDEA. Se permite la propiedad flexible con restricciones, combinada con una vivienda a medida. Helipuerto para residentes y visitantes, que incluye los servicios de movilidad urbana Blade. [&hellip;]<\/p>\n","protected":false},"author":1,"featured_media":2224,"parent":0,"menu_order":0,"comment_status":"closed","ping_status":"closed","template":"","meta":{"_et_pb_use_builder":"on","_et_pb_old_content":"","_et_gb_content_width":"","footnotes":""},"class_list":["post-730","page","type-page","status-publish","has-post-thumbnail","hentry"],"_links":{"self":[{"href":"https:\/\/thejames.miami\/es\/wp-json\/wp\/v2\/pages\/730","targetHints":{"allow":["GET"]}}],"collection":[{"href":"https:\/\/thejames.miami\/es\/wp-json\/wp\/v2\/pages"}],"about":[{"href":"https:\/\/thejames.miami\/es\/wp-json\/wp\/v2\/types\/page"}],"author":[{"embeddable":true,"href":"https:\/\/thejames.miami\/es\/wp-json\/wp\/v2\/users\/1"}],"replies":[{"embeddable":true,"href":"https:\/\/thejames.miami\/es\/wp-json\/wp\/v2\/comments?post=730"}],"version-history":[{"count":60,"href":"https:\/\/thejames.miami\/es\/wp-json\/wp\/v2\/pages\/730\/revisions"}],"predecessor-version":[{"id":2308,"href":"https:\/\/thejames.miami\/es\/wp-json\/wp\/v2\/pages\/730\/revisions\/2308"}],"wp:featuredmedia":[{"embeddable":true,"href":"https:\/\/thejames.miami\/es\/wp-json\/wp\/v2\/media\/2224"}],"wp:attachment":[{"href":"https:\/\/thejames.miami\/es\/wp-json\/wp\/v2\/media?parent=730"}],"curies":[{"name":"wp","href":"https:\/\/api.w.org\/{rel}","templated":true}]}}