{"id":385,"date":"2024-10-31T07:50:02","date_gmt":"2024-10-31T07:50:02","guid":{"rendered":"https:\/\/clarabayharborisland.com\/?page_id=385"},"modified":"2025-04-08T15:32:05","modified_gmt":"2025-04-08T15:32:05","slug":"equipo","status":"publish","type":"page","link":"https:\/\/thejames.miami\/es\/equipo\/","title":{"rendered":"Equipo"},"content":{"rendered":"<p>[et_pb_section fb_built=&#8221;1&#8243; custom_padding_last_edited=&#8221;on|phone&#8221; _builder_version=&#8221;4.27.4&#8243; _module_preset=&#8221;default&#8221; background_color=&#8221;rgba(0,0,0,0.7)&#8221; background_image=&#8221;https:\/\/thejames.miami\/es\/wp-content\/uploads\/James-Residences_bg.jpg&#8221; background_blend=&#8221;overlay&#8221; custom_padding=&#8221;90px||90px|||&#8221; custom_padding_tablet=&#8221;90px||90px|||&#8221; custom_padding_phone=&#8221;50px||50px||true|false&#8221; global_colors_info=&#8221;{}&#8221;][et_pb_row _builder_version=&#8221;4.17.4&#8243; _module_preset=&#8221;default&#8221; global_colors_info=&#8221;{}&#8221;][et_pb_column type=&#8221;4_4&#8243; _builder_version=&#8221;4.17.4&#8243; _module_preset=&#8221;default&#8221; global_colors_info=&#8221;{}&#8221;][et_pb_text _builder_version=&#8221;4.27.4&#8243; _module_preset=&#8221;default&#8221; text_font=&#8221;|600|||||||&#8221; text_text_color=&#8221;#FFFFFF&#8221; text_font_size=&#8221;25px&#8221; header_font=&#8221;|700||on|||||&#8221; header_text_align=&#8221;center&#8221; header_text_color=&#8221;#FFFFFF&#8221; header_font_size=&#8221;50px&#8221; text_orientation=&#8221;center&#8221; hover_enabled=&#8221;0&#8243; header_font_size_tablet=&#8221;50px&#8221; header_font_size_phone=&#8221;40px&#8221; header_font_size_last_edited=&#8221;on|phone&#8221; header_text_shadow_style=&#8221;preset3&#8243; header_text_shadow_blur_strength=&#8221;0.69em&#8221; header_text_shadow_color=&#8221;#000000&#8243; global_colors_info=&#8221;{}&#8221; sticky_enabled=&#8221;0&#8243;]<\/p>\n<h1>The James Residences<\/h1>\n<h1>Equipo<\/h1>\n<p>&nbsp;<\/p>\n<p>[\/et_pb_text][\/et_pb_column][\/et_pb_row][\/et_pb_section][et_pb_section fb_built=&#8221;1&#8243; _builder_version=&#8221;4.22.1&#8243; _module_preset=&#8221;default&#8221; background_color=&#8221;#f7f7f9&#8243; custom_padding=&#8221;||2px|||&#8221; global_colors_info=&#8221;{}&#8221;][et_pb_row _builder_version=&#8221;4.24.2&#8243; _module_preset=&#8221;default&#8221; global_colors_info=&#8221;{}&#8221;][et_pb_column type=&#8221;4_4&#8243; _builder_version=&#8221;4.20.2&#8243; _module_preset=&#8221;default&#8221; global_colors_info=&#8221;{}&#8221;][et_pb_text _builder_version=&#8221;4.27.4&#8243; _module_preset=&#8221;default&#8221; text_font=&#8221;Adamina||||||||&#8221; text_text_color=&#8221;#000000&#8243; text_line_height=&#8221;1.8em&#8221; custom_margin=&#8221;-41px|||||&#8221; hover_enabled=&#8221;0&#8243; global_colors_info=&#8221;{}&#8221; sticky_enabled=&#8221;0&#8243;]<\/p>\n<p><strong>Desarrollador: AD1, Sonesta y Mint Developers<\/strong><br \/><strong>Arquitecto: IDEA<\/strong><br \/><strong>Dise\u00f1ador de interiores: IDEA &#8211; Sanchez Coleman<\/strong><\/p>\n<p>[\/et_pb_text][\/et_pb_column][\/et_pb_row][\/et_pb_section][et_pb_section fb_built=&#8221;1&#8243; _builder_version=&#8221;4.22.1&#8243; _module_preset=&#8221;default&#8221; background_color=&#8221;#f7f7f9&#8243; custom_padding=&#8221;||2px|||&#8221; global_colors_info=&#8221;{}&#8221;][et_pb_row _builder_version=&#8221;4.24.2&#8243; _module_preset=&#8221;default&#8221; global_colors_info=&#8221;{}&#8221;][et_pb_column type=&#8221;4_4&#8243; _builder_version=&#8221;4.20.2&#8243; _module_preset=&#8221;default&#8221; global_colors_info=&#8221;{}&#8221;][et_pb_text _builder_version=&#8221;4.27.4&#8243; _module_preset=&#8221;default&#8221; text_font=&#8221;Adamina||||||||&#8221; text_text_color=&#8221;#000000&#8243; text_line_height=&#8221;1.8em&#8221; header_3_font=&#8221;|700|||||||&#8221; custom_margin=&#8221;-41px|||||&#8221; hover_enabled=&#8221;0&#8243; global_colors_info=&#8221;{}&#8221; sticky_enabled=&#8221;0&#8243;]<\/p>\n<p><strong>DESARROLLADOR<\/strong><br \/><strong>Big Development Group<\/strong><\/p>\n<p>BIG es una organizaci\u00f3n inmobiliaria totalmente integrada con la experiencia y el conocimiento del mercado necesarios para conectar todas las ofertas inmobiliarias de lujo del sur de Florida. Con m\u00e1s de 40 a\u00f1os de experiencia en el mercado inmobiliario, su liderazgo visionario, sus altos est\u00e1ndares de calidad y su trayectoria de tres d\u00e9cadas la convierten en una de las organizaciones de desarrollo y venta preferidas del sur de Florida.<\/p>\n<p><strong>ARQUITECTO<\/strong><br \/><strong>IDEA<\/strong><\/p>\n<p>AIA | NCARB | LEED &#8211; Firma de arquitectura galardonada con ideas adaptadas a su espacio que preservan la armon\u00eda y el equilibrio de su comunidad.<\/p>\n<p>Sitio web: www.absolute-idea.com<\/p>\n<p><strong>DISE\u00d1O DE INTERIORES<\/strong><br \/><strong>IDEA &#8211; Sanchez Coleman<\/strong><\/p>\n<p>Sanchez + Coleman se apasiona por crear casas, restaurantes y hoteles con una simplicidad gr\u00e1fica de l\u00edneas limpias, combinando formas y tama\u00f1os, y utilizando nuevos materiales. Somos una marca de estilo de vida con una s\u00f3lida base en moda e interiores.<\/p>\n<p>Nuestro estilo personal no se limita a nuestra vestimenta; se trata de c\u00f3mo vivimos y queremos sentirnos. Nos enfocamos en la imagen integral, desde los uniformes, la m\u00fasica, la iluminaci\u00f3n, el mobiliario y el estilo hasta las plantas y flores. \u00a1Una nueva personalidad para interiores residenciales y hoteleros!<\/p>\n<p><strong>ARQUITECTO PAISAJISTA<\/strong><br \/><strong>Gardner + Semler<\/strong><\/p>\n<p>Fundada en 1985, Gardner + Semler Landscape Architecture Design (GSLA Design) es una firma de arquitectura paisajista en Miami, Florida. Su presidente, Ken Gardner, ha estado en la firma desde 1993, y su socio, Kiehl Semler, se incorpor\u00f3 en 2008. Comprometida con la innovaci\u00f3n, la sostenibilidad y las pr\u00e1cticas hort\u00edcolas sostenibles, GSLA Design se especializa en dise\u00f1o moderno y subtropical, sin\u00f3nimo del sur de Florida.<\/p>\n<p>[\/et_pb_text][\/et_pb_column][\/et_pb_row][\/et_pb_section]<\/p>\n","protected":false},"excerpt":{"rendered":"<p>The James Residences Equipo &nbsp;Desarrollador: AD1, Sonesta y Mint DevelopersArquitecto: IDEADise\u00f1ador de interiores: IDEA &#8211; Sanchez ColemanDESARROLLADORBig Development Group BIG es una organizaci\u00f3n inmobiliaria totalmente integrada con la experiencia y el conocimiento del mercado necesarios para conectar todas las ofertas inmobiliarias de lujo del sur de Florida. Con m\u00e1s de 40 a\u00f1os de experiencia en [&hellip;]<\/p>\n","protected":false},"author":1,"featured_media":2228,"parent":0,"menu_order":0,"comment_status":"closed","ping_status":"closed","template":"","meta":{"_et_pb_use_builder":"on","_et_pb_old_content":"","_et_gb_content_width":"","footnotes":""},"class_list":["post-385","page","type-page","status-publish","has-post-thumbnail","hentry"],"_links":{"self":[{"href":"https:\/\/thejames.miami\/es\/wp-json\/wp\/v2\/pages\/385","targetHints":{"allow":["GET"]}}],"collection":[{"href":"https:\/\/thejames.miami\/es\/wp-json\/wp\/v2\/pages"}],"about":[{"href":"https:\/\/thejames.miami\/es\/wp-json\/wp\/v2\/types\/page"}],"author":[{"embeddable":true,"href":"https:\/\/thejames.miami\/es\/wp-json\/wp\/v2\/users\/1"}],"replies":[{"embeddable":true,"href":"https:\/\/thejames.miami\/es\/wp-json\/wp\/v2\/comments?post=385"}],"version-history":[{"count":58,"href":"https:\/\/thejames.miami\/es\/wp-json\/wp\/v2\/pages\/385\/revisions"}],"predecessor-version":[{"id":2311,"href":"https:\/\/thejames.miami\/es\/wp-json\/wp\/v2\/pages\/385\/revisions\/2311"}],"wp:featuredmedia":[{"embeddable":true,"href":"https:\/\/thejames.miami\/es\/wp-json\/wp\/v2\/media\/2228"}],"wp:attachment":[{"href":"https:\/\/thejames.miami\/es\/wp-json\/wp\/v2\/media?parent=385"}],"curies":[{"name":"wp","href":"https:\/\/api.w.org\/{rel}","templated":true}]}}